{"id":8084,"date":"2024-07-25T20:15:45","date_gmt":"2024-07-25T18:15:45","guid":{"rendered":"https:\/\/phenomenaldrinks.com\/shop\/unkategorisiert\/kaeppler-wiliams\/"},"modified":"2025-04-25T11:34:42","modified_gmt":"2025-04-25T09:34:42","slug":"kaeppler-wiliams","status":"publish","type":"product","link":"https:\/\/phenomenaldrinks.com\/en\/produkt\/kaeppler-wiliams\/","title":{"rendered":"Kaeppler Wiliams"},"content":{"rendered":"<p><strong>What is that?<\/strong><br \/>\nOutstanding Williams pear brandy from the K\u00e4ppler fruit distillery. In the small town of F\u00fc\u00dfbach in the Hohenlohe region between Heilbronn and Schw\u00e4bisch Hall, Klaus K\u00e4ppler distils very good schnapps in small batches in a wood-fired copper still. This is not meant disrespectfully, because just as K\u00e4ppler rejects marketing, competitions and designer bottles, he also dislikes the word &#8220;distillate&#8221;: &#8220;I also much prefer it in terms of tradition, because in dialect, there&#8217;s no such thing as distillate.&#8221; He is only interested in one thing when distilling: &#8220;How do I get the aromas of the fruit into the bottle as well as possible?&#8221; And he has been doing this for almost forty years.   <\/p>\n<p>Red Williams pears from an orchard over forty years old, slowly fermented for months as whole fruit, form the basis of this special brandy. Like all of Klaus K\u00e4ppler&#8217;s brandies, it has then had at least one year to mature in a glass balloon. Instead of dessert fruit from orchards, he only distils fruit from his own standard trees. He has planted around 500 standard trees in recent years, thus ensuring a supply, sustainability and the preservation of the orchards that characterize the Hohenlohe cultural landscape.   <\/p>\n<p>K\u00e4ppler deliberately calculates in such a way that his schnapps do not degenerate into an elite consumer product, but remain a luxury product that even a normal earner can afford. A detailed report on the K\u00e4ppler fruit distillery is worth reading <a href=\"https:\/\/www.obstbrand-kaeppler.de\/blogs\/zwolf-episoden\" target=\"_blank\" rel=\"noopener\">here<\/a>. <\/p>\n<p><strong>What do you do with it?<\/strong><br \/>\nFirst of all, Williams pear brandy *** is of course great fun neat, slightly chilled in a glass of white wine.<\/p>\n<p>Here at pHenomenal, however, we have been big advocates of blending with fruit brandies for years. All too often, the wonderful schnapps from the more than 15,000 distilleries active in Germany alone are either confined to the ski lodge or at home in the fine dining world of nosing glasses. We think that&#8217;s a shame, because these great and aromatic brandies and spirits also make great drinks, and if we don&#8217;t all drink more of these local schnapps soon, these distilleries will be gone at some point. And with them the orchards with their biodiversity and retreats for all kinds of insects, beetles and other small animals.   <\/p>\n<p>In a nutshell, <strong>binge drinking is for the environment! <\/strong>Here are a few ideas:<\/p>\n<p><strong>Kinky Pear Spritz<\/strong><br \/>\n150 ml sparkling mineral water<br \/>\n30 ml <a href=\"https:\/\/phenomenaldrinks.com\/en\/shop\/ph-products\/phenomenal-tonic-syrup-organic-250-ml\/\" target=\"_blank\" rel=\"noopener\">pHenomenal Tonic Syrup<\/a><br \/>\n30 ml <a href=\"https:\/\/phenomenaldrinks.com\/shop\/spirituosen\/cap-corse\/\">L.N. Mattei Cap Corse<\/a><br \/>\n10 ml <a href=\"https:\/\/phenomenaldrinks.com\/en\/shop\/spirituosen-en\/kaeppler-wiliams\/\" target=\"_blank\" rel=\"noopener\">K\u00e4ppler Williamsbrand<\/a><\/p>\n<p>Serve on ice cubes in a large wine glass.<\/p>\n<p>This refreshing spritz combines light bitter notes from the tonic with a subtle sweetness, tastes as if you were biting into a fully ripe pear, is pretty orange, and with a total of only 4.2% alcohol is a wonderful light summer drink.<\/p>\n<p><b>Ginger Williams<br \/>\n<\/b>100 ml sparkling mineral water<br \/>\n20 ml <a href=\"https:\/\/phenomenaldrinks.com\/en\/shop\/ph-products\/phenomenal-ginger-syrup-organic-250ml\/\">pHenomenal Ginger Syrup<\/a><br \/>\n40 ml <a href=\"https:\/\/phenomenaldrinks.com\/en\/shop\/spirituosen-en\/kaeppler-wiliams\/\" target=\"_blank\" rel=\"noopener\">K\u00e4ppler Williams brandy<\/a><br \/>\nServe with ice cubes in a highball glass.<\/p>\n<p>In principle, it works like Moscow Mule, but in a completely different way.<\/p>\n<p>Contents 500ml<br \/>\n40% alc.vol<\/p>\n<p><em>No sale to children and young people under the age of 18.<\/em><\/p>\n<p>Responsible food business operator:<\/p>\n","protected":false},"excerpt":{"rendered":"<ul>\n<li>Williams pear brandy made from red Williams pears, slowly fermented<\/li>\n<li>Basis: system over 40 years old<\/li>\n<li>Handcrafted in a wood-fired copper still<\/li>\n<li>Matured in a glass balloon<\/li>\n<li>Highly aromatic and sensational value for money<\/li>\n<\/ul>\n","protected":false},"featured_media":3824,"comment_status":"closed","ping_status":"closed","template":"","meta":[],"product_brand":[],"product_cat":[79],"product_tag":[],"class_list":{"0":"post-8084","1":"product","2":"type-product","3":"status-publish","4":"has-post-thumbnail","6":"product_cat-spirituosen-en","8":"first","9":"instock","10":"taxable","11":"shipping-taxable","12":"purchasable","13":"product-type-simple"},"yoast_head":"<!-- This site is optimized with the Yoast SEO plugin v27.3 - https:\/\/yoast.com\/product\/yoast-seo-wordpress\/ -->\n<title>Kaeppler Wiliams - pHenomenal Drinks<\/title>\n<meta name=\"robots\" content=\"index, follow, max-snippet:-1, max-image-preview:large, max-video-preview:-1\" \/>\n<link rel=\"canonical\" href=\"https:\/\/phenomenaldrinks.com\/en\/produkt\/kaeppler-wiliams\/\" \/>\n<meta property=\"og:locale\" content=\"en_US\" \/>\n<meta property=\"og:type\" content=\"article\" \/>\n<meta property=\"og:title\" content=\"Kaeppler Wiliams - pHenomenal Drinks\" \/>\n<meta property=\"og:description\" content=\"Williams pear brandy made from red Williams pears, slowly fermented  Basis: system over 40 years old  Handcrafted in a wood-fired copper still  Matured in a glass balloon  Highly aromatic and sensational value for money\" \/>\n<meta property=\"og:url\" content=\"https:\/\/phenomenaldrinks.com\/en\/produkt\/kaeppler-wiliams\/\" \/>\n<meta property=\"og:site_name\" content=\"pHenomenal Drinks\" \/>\n<meta property=\"article:publisher\" content=\"https:\/\/www.facebook.com\/PHenomenalTonic\" \/>\n<meta property=\"article:modified_time\" content=\"2025-04-25T09:34:42+00:00\" \/>\n<meta property=\"og:image\" content=\"https:\/\/phenomenaldrinks.com\/wp-content\/uploads\/2024\/07\/pHenomenal_shopSKU412.KaepplerWiliams-1.jpg\" \/>\n\t<meta property=\"og:image:width\" content=\"1200\" \/>\n\t<meta property=\"og:image:height\" content=\"1200\" \/>\n\t<meta property=\"og:image:type\" content=\"image\/jpeg\" \/>\n<meta name=\"twitter:card\" content=\"summary_large_image\" \/>\n<meta name=\"twitter:label1\" content=\"Est. reading time\" \/>\n\t<meta name=\"twitter:data1\" content=\"3 minutes\" \/>\n<script type=\"application\/ld+json\" class=\"yoast-schema-graph\">{\"@context\":\"https:\\\/\\\/schema.org\",\"@graph\":[{\"@type\":\"WebPage\",\"@id\":\"https:\\\/\\\/phenomenaldrinks.com\\\/en\\\/produkt\\\/kaeppler-wiliams\\\/\",\"url\":\"https:\\\/\\\/phenomenaldrinks.com\\\/en\\\/produkt\\\/kaeppler-wiliams\\\/\",\"name\":\"Kaeppler Wiliams - pHenomenal Drinks\",\"isPartOf\":{\"@id\":\"https:\\\/\\\/phenomenaldrinks.com\\\/en\\\/#website\"},\"primaryImageOfPage\":{\"@id\":\"https:\\\/\\\/phenomenaldrinks.com\\\/en\\\/produkt\\\/kaeppler-wiliams\\\/#primaryimage\"},\"image\":{\"@id\":\"https:\\\/\\\/phenomenaldrinks.com\\\/en\\\/produkt\\\/kaeppler-wiliams\\\/#primaryimage\"},\"thumbnailUrl\":\"https:\\\/\\\/phenomenaldrinks.com\\\/wp-content\\\/uploads\\\/2024\\\/07\\\/pHenomenal_shopSKU412.KaepplerWiliams-1.jpg\",\"datePublished\":\"2024-07-25T18:15:45+00:00\",\"dateModified\":\"2025-04-25T09:34:42+00:00\",\"breadcrumb\":{\"@id\":\"https:\\\/\\\/phenomenaldrinks.com\\\/en\\\/produkt\\\/kaeppler-wiliams\\\/#breadcrumb\"},\"inLanguage\":\"en-US\",\"potentialAction\":[{\"@type\":\"ReadAction\",\"target\":[\"https:\\\/\\\/phenomenaldrinks.com\\\/en\\\/produkt\\\/kaeppler-wiliams\\\/\"]}]},{\"@type\":\"ImageObject\",\"inLanguage\":\"en-US\",\"@id\":\"https:\\\/\\\/phenomenaldrinks.com\\\/en\\\/produkt\\\/kaeppler-wiliams\\\/#primaryimage\",\"url\":\"https:\\\/\\\/phenomenaldrinks.com\\\/wp-content\\\/uploads\\\/2024\\\/07\\\/pHenomenal_shopSKU412.KaepplerWiliams-1.jpg\",\"contentUrl\":\"https:\\\/\\\/phenomenaldrinks.com\\\/wp-content\\\/uploads\\\/2024\\\/07\\\/pHenomenal_shopSKU412.KaepplerWiliams-1.jpg\",\"width\":1200,\"height\":1200},{\"@type\":\"BreadcrumbList\",\"@id\":\"https:\\\/\\\/phenomenaldrinks.com\\\/en\\\/produkt\\\/kaeppler-wiliams\\\/#breadcrumb\",\"itemListElement\":[{\"@type\":\"ListItem\",\"position\":1,\"name\":\"Home\",\"item\":\"https:\\\/\\\/phenomenaldrinks.com\\\/en\\\/\"},{\"@type\":\"ListItem\",\"position\":2,\"name\":\"Store\",\"item\":\"https:\\\/\\\/phenomenaldrinks.com\\\/en\\\/shop-2\\\/\"},{\"@type\":\"ListItem\",\"position\":3,\"name\":\"Kaeppler Wiliams\"}]},{\"@type\":\"WebSite\",\"@id\":\"https:\\\/\\\/phenomenaldrinks.com\\\/en\\\/#website\",\"url\":\"https:\\\/\\\/phenomenaldrinks.com\\\/en\\\/\",\"name\":\"pHenomenal Drinks\",\"description\":\"Handcrafted in Hamburg with love\",\"publisher\":{\"@id\":\"https:\\\/\\\/phenomenaldrinks.com\\\/en\\\/#organization\"},\"potentialAction\":[{\"@type\":\"SearchAction\",\"target\":{\"@type\":\"EntryPoint\",\"urlTemplate\":\"https:\\\/\\\/phenomenaldrinks.com\\\/en\\\/?s={search_term_string}\"},\"query-input\":{\"@type\":\"PropertyValueSpecification\",\"valueRequired\":true,\"valueName\":\"search_term_string\"}}],\"inLanguage\":\"en-US\"},{\"@type\":\"Organization\",\"@id\":\"https:\\\/\\\/phenomenaldrinks.com\\\/en\\\/#organization\",\"name\":\"pHenomenal Drinks\",\"url\":\"https:\\\/\\\/phenomenaldrinks.com\\\/en\\\/\",\"logo\":{\"@type\":\"ImageObject\",\"inLanguage\":\"en-US\",\"@id\":\"https:\\\/\\\/phenomenaldrinks.com\\\/en\\\/#\\\/schema\\\/logo\\\/image\\\/\",\"url\":\"https:\\\/\\\/phenomenaldrinks.com\\\/wp-content\\\/uploads\\\/2016\\\/12\\\/pH-Logo_DRINKS-small-noframe-2016-12.jpg\",\"contentUrl\":\"https:\\\/\\\/phenomenaldrinks.com\\\/wp-content\\\/uploads\\\/2016\\\/12\\\/pH-Logo_DRINKS-small-noframe-2016-12.jpg\",\"width\":749,\"height\":751,\"caption\":\"pHenomenal Drinks\"},\"image\":{\"@id\":\"https:\\\/\\\/phenomenaldrinks.com\\\/en\\\/#\\\/schema\\\/logo\\\/image\\\/\"},\"sameAs\":[\"https:\\\/\\\/www.facebook.com\\\/PHenomenalTonic\",\"https:\\\/\\\/www.instagram.com\\\/phenomenaldrinks\\\/\"]}]}<\/script>\n<!-- \/ Yoast SEO plugin. -->","yoast_head_json":{"title":"Kaeppler Wiliams - pHenomenal Drinks","robots":{"index":"index","follow":"follow","max-snippet":"max-snippet:-1","max-image-preview":"max-image-preview:large","max-video-preview":"max-video-preview:-1"},"canonical":"https:\/\/phenomenaldrinks.com\/en\/produkt\/kaeppler-wiliams\/","og_locale":"en_US","og_type":"article","og_title":"Kaeppler Wiliams - pHenomenal Drinks","og_description":"Williams pear brandy made from red Williams pears, slowly fermented  Basis: system over 40 years old  Handcrafted in a wood-fired copper still  Matured in a glass balloon  Highly aromatic and sensational value for money","og_url":"https:\/\/phenomenaldrinks.com\/en\/produkt\/kaeppler-wiliams\/","og_site_name":"pHenomenal Drinks","article_publisher":"https:\/\/www.facebook.com\/PHenomenalTonic","article_modified_time":"2025-04-25T09:34:42+00:00","og_image":[{"width":1200,"height":1200,"url":"https:\/\/phenomenaldrinks.com\/wp-content\/uploads\/2024\/07\/pHenomenal_shopSKU412.KaepplerWiliams-1.jpg","type":"image\/jpeg"}],"twitter_card":"summary_large_image","twitter_misc":{"Est. reading time":"3 minutes"},"schema":{"@context":"https:\/\/schema.org","@graph":[{"@type":"WebPage","@id":"https:\/\/phenomenaldrinks.com\/en\/produkt\/kaeppler-wiliams\/","url":"https:\/\/phenomenaldrinks.com\/en\/produkt\/kaeppler-wiliams\/","name":"Kaeppler Wiliams - pHenomenal Drinks","isPartOf":{"@id":"https:\/\/phenomenaldrinks.com\/en\/#website"},"primaryImageOfPage":{"@id":"https:\/\/phenomenaldrinks.com\/en\/produkt\/kaeppler-wiliams\/#primaryimage"},"image":{"@id":"https:\/\/phenomenaldrinks.com\/en\/produkt\/kaeppler-wiliams\/#primaryimage"},"thumbnailUrl":"https:\/\/phenomenaldrinks.com\/wp-content\/uploads\/2024\/07\/pHenomenal_shopSKU412.KaepplerWiliams-1.jpg","datePublished":"2024-07-25T18:15:45+00:00","dateModified":"2025-04-25T09:34:42+00:00","breadcrumb":{"@id":"https:\/\/phenomenaldrinks.com\/en\/produkt\/kaeppler-wiliams\/#breadcrumb"},"inLanguage":"en-US","potentialAction":[{"@type":"ReadAction","target":["https:\/\/phenomenaldrinks.com\/en\/produkt\/kaeppler-wiliams\/"]}]},{"@type":"ImageObject","inLanguage":"en-US","@id":"https:\/\/phenomenaldrinks.com\/en\/produkt\/kaeppler-wiliams\/#primaryimage","url":"https:\/\/phenomenaldrinks.com\/wp-content\/uploads\/2024\/07\/pHenomenal_shopSKU412.KaepplerWiliams-1.jpg","contentUrl":"https:\/\/phenomenaldrinks.com\/wp-content\/uploads\/2024\/07\/pHenomenal_shopSKU412.KaepplerWiliams-1.jpg","width":1200,"height":1200},{"@type":"BreadcrumbList","@id":"https:\/\/phenomenaldrinks.com\/en\/produkt\/kaeppler-wiliams\/#breadcrumb","itemListElement":[{"@type":"ListItem","position":1,"name":"Home","item":"https:\/\/phenomenaldrinks.com\/en\/"},{"@type":"ListItem","position":2,"name":"Store","item":"https:\/\/phenomenaldrinks.com\/en\/shop-2\/"},{"@type":"ListItem","position":3,"name":"Kaeppler Wiliams"}]},{"@type":"WebSite","@id":"https:\/\/phenomenaldrinks.com\/en\/#website","url":"https:\/\/phenomenaldrinks.com\/en\/","name":"pHenomenal Drinks","description":"Handcrafted in Hamburg with love","publisher":{"@id":"https:\/\/phenomenaldrinks.com\/en\/#organization"},"potentialAction":[{"@type":"SearchAction","target":{"@type":"EntryPoint","urlTemplate":"https:\/\/phenomenaldrinks.com\/en\/?s={search_term_string}"},"query-input":{"@type":"PropertyValueSpecification","valueRequired":true,"valueName":"search_term_string"}}],"inLanguage":"en-US"},{"@type":"Organization","@id":"https:\/\/phenomenaldrinks.com\/en\/#organization","name":"pHenomenal Drinks","url":"https:\/\/phenomenaldrinks.com\/en\/","logo":{"@type":"ImageObject","inLanguage":"en-US","@id":"https:\/\/phenomenaldrinks.com\/en\/#\/schema\/logo\/image\/","url":"https:\/\/phenomenaldrinks.com\/wp-content\/uploads\/2016\/12\/pH-Logo_DRINKS-small-noframe-2016-12.jpg","contentUrl":"https:\/\/phenomenaldrinks.com\/wp-content\/uploads\/2016\/12\/pH-Logo_DRINKS-small-noframe-2016-12.jpg","width":749,"height":751,"caption":"pHenomenal Drinks"},"image":{"@id":"https:\/\/phenomenaldrinks.com\/en\/#\/schema\/logo\/image\/"},"sameAs":["https:\/\/www.facebook.com\/PHenomenalTonic","https:\/\/www.instagram.com\/phenomenaldrinks\/"]}]}},"_links":{"self":[{"href":"https:\/\/phenomenaldrinks.com\/en\/wp-json\/wp\/v2\/product\/8084","targetHints":{"allow":["GET"]}}],"collection":[{"href":"https:\/\/phenomenaldrinks.com\/en\/wp-json\/wp\/v2\/product"}],"about":[{"href":"https:\/\/phenomenaldrinks.com\/en\/wp-json\/wp\/v2\/types\/product"}],"replies":[{"embeddable":true,"href":"https:\/\/phenomenaldrinks.com\/en\/wp-json\/wp\/v2\/comments?post=8084"}],"wp:featuredmedia":[{"embeddable":true,"href":"https:\/\/phenomenaldrinks.com\/en\/wp-json\/wp\/v2\/media\/3824"}],"wp:attachment":[{"href":"https:\/\/phenomenaldrinks.com\/en\/wp-json\/wp\/v2\/media?parent=8084"}],"wp:term":[{"taxonomy":"product_brand","embeddable":true,"href":"https:\/\/phenomenaldrinks.com\/en\/wp-json\/wp\/v2\/product_brand?post=8084"},{"taxonomy":"product_cat","embeddable":true,"href":"https:\/\/phenomenaldrinks.com\/en\/wp-json\/wp\/v2\/product_cat?post=8084"},{"taxonomy":"product_tag","embeddable":true,"href":"https:\/\/phenomenaldrinks.com\/en\/wp-json\/wp\/v2\/product_tag?post=8084"}],"curies":[{"name":"wp","href":"https:\/\/api.w.org\/{rel}","templated":true}]}}