{"id":7974,"date":"2024-07-25T20:29:41","date_gmt":"2024-07-25T18:29:41","guid":{"rendered":"https:\/\/phenomenaldrinks.com\/shop\/unkategorisiert\/o-purist\/"},"modified":"2025-04-25T11:35:06","modified_gmt":"2025-04-25T09:35:06","slug":"o-purist","status":"publish","type":"product","link":"https:\/\/phenomenaldrinks.com\/en\/produkt\/o-purist\/","title":{"rendered":"O-Purist"},"content":{"rendered":"<p><strong>O\/Purist: The modern tsipouro for the bar scene<\/strong><\/p>\n<p>Tsipouro, a traditional Greek spirit, conquers the international bar scene with <strong>O\/Purist<\/strong>. Ten Greek bartenders have developed this modernized Tsipouro &#8211; ideal for cocktails. <\/p>\n<p>Made from grape pomace from typical Greek grape varieties (Malagouzias, Roditi) and Ugni Blanc, which is typical of Cognac, O\/Purist undergoes slow distillation in column stills. After maturing for three months, a second distillation cycle follows with aromatic ingredients such as wild pear, quince, orange, fennel and aniseed. <\/p>\n<p>The crystal-clear distillate offers a complex interplay of aromas: lemony grape notes, subtle pear and black bread on the nose, followed by a harmonious combination of herbs, fruit and fine honey and chocolate nuances on the finish. Soft, balanced and fresh &#8211; perfect for modern cocktails. <\/p>\n<pre id=\"tw-target-text\" class=\"tw-data-text tw-text-large tw-ta\" dir=\"ltr\" data-placeholder=\"\u00dcbersetzung\" data-ved=\"2ahUKEwiIm9br7ISMAxUhSPEDHT6fKWgQ3ewLegQICRAU\"><span class=\"Y2IQFc\" lang=\"de\">O\/PURIST Tsipouro ist von Natur aus eine nachhaltige Spirituose, da er durch Destillation von Traubentrester hergestellt wird und den Teil nutzt, der nicht im Weinherstellungsprozess verwendet wird.\n<\/span><\/pre>\n<pre class=\"tw-data-text tw-text-large tw-ta\" dir=\"ltr\" data-placeholder=\"\u00dcbersetzung\" data-ved=\"2ahUKEwiIm9br7ISMAxUhSPEDHT6fKWgQ3ewLegQICRAU\"><span class=\"Y2IQFc\" lang=\"de\">Er unterst\u00fctzt die Kreislaufwirtschaft und ist ein Destillat, das die ben\u00f6tigte Energie selbst erzeugt. Die Traubenschalen der ersten Destillation produzieren in der Epilektos-Anlage Biogas, w\u00e4hrend andere Extrakte zu Biod\u00fcnger verarbeitet werden.    So minimiert O\/PURIST seinen \u00f6kologischen Fu\u00dfabdruck.\n\n<strong>Was macht man damit?\n\n<\/strong>Die zarte Weinnote dieses wunderbar milden Tresterdestillats kommt  mit pHenomenal Tonic sch\u00f6n zum Ausdruck.\nAnsonsten machen wir auch sehr gerne Greek Martinis damit, eine super spannende Alternative zur Gin Variante<\/span><\/pre>\n<pre class=\"tw-data-text tw-text-large tw-ta\" dir=\"ltr\" data-placeholder=\"\u00dcbersetzung\" data-ved=\"2ahUKEwiIm9br7ISMAxUhSPEDHT6fKWgQ3ewLegQICRAU\"><span class=\"Y2IQFc\" lang=\"de\"><strong>O\/Purist &amp; Tonic\n<\/strong><\/span><b\/>100 ml Sprudelndes Mineralwasser\n20 ml <a href=\"https:\/\/phenomenaldrinks.com\/en\/shop\/ph-products\/phenomenal-tonic-syrup-organic-250-ml\/\">pHenomenal Tonic Syrup<\/a>\n40 ml O\/Purist<\/pre>\n<pre class=\"tw-data-text tw-text-large tw-ta\" dir=\"ltr\" data-placeholder=\"\u00dcbersetzung\" data-ved=\"2ahUKEwiIm9br7ISMAxUhSPEDHT6fKWgQ3ewLegQICRAU\">Mit Eisw\u00fcrfeln im Longdrinkglas servieren\nund <span class=\"Y2IQFc\" lang=\"de\">mit einer Zitronenzeste abspritzen.\n<\/span><span class=\"Y2IQFc\" lang=\"de\"><strong>\nGreek Martini\n<\/strong>60 ml O\/Purist\n15 ml Dry Vermouth ( Noilly Prat oder Dolin)\n\nIm R\u00fchrglas auf Eisw\u00fcrfeln kalt r\u00fchren, \ndann in eine Gefrostete Cocktailschale abseihen,\nmit einer Zitronenzeste abspritzen und einer roten Kalamata Olive garnieren<\/span><\/pre>\n<p>Content 700ml, Alk. 42,0% Vol. <\/p>\n<p><em>No sale to children and young people under the age of 18.<\/em><\/p>\n<p>Responsible food business operator:<\/p>\n<div id=\"product.lebensmittelunternehmer\" class=\"data item content\" role=\"tabpanel\" aria-labelledby=\"tab-label-product.lebensmittelunternehmer\" data-role=\"content\" aria-hidden=\"false\">\n<div class=\"manufacturer\">\n<p>Distillery C. Thomopoulos SA<\/p>\n<address><em>6 A. Metaxa Str.<br \/>\n145 64 Kifisia<br \/>\nGreece<\/em><\/address>\n<\/div>\n<\/div>\n","protected":false},"excerpt":{"rendered":"<ul>\n<li>developed by ten Greek bartenders<\/li>\n<li>slow distillation process in column stills, followed by three months of maturation<\/li>\n<li>with wild pear, quince, orange, fennel and aniseed for a complex flavor profile<\/li>\n<li>lemony grape notes, subtle pear, black bread and mild honey and chocolate nuances<\/li>\n<li>Perfect for cocktails &#8211; soft, balanced and fresh tsipouro<\/li>\n<\/ul>\n","protected":false},"featured_media":3827,"comment_status":"closed","ping_status":"closed","template":"","meta":[],"product_brand":[],"product_cat":[79],"product_tag":[],"class_list":{"0":"post-7974","1":"product","2":"type-product","3":"status-publish","4":"has-post-thumbnail","6":"product_cat-spirituosen-en","8":"first","9":"instock","10":"taxable","11":"shipping-taxable","12":"purchasable","13":"product-type-simple"},"yoast_head":"<!-- This site is optimized with the Yoast SEO plugin v27.3 - https:\/\/yoast.com\/product\/yoast-seo-wordpress\/ -->\n<title>O-Purist - pHenomenal Drinks<\/title>\n<meta name=\"robots\" content=\"index, follow, max-snippet:-1, max-image-preview:large, max-video-preview:-1\" \/>\n<link rel=\"canonical\" href=\"https:\/\/phenomenaldrinks.com\/en\/produkt\/o-purist\/\" \/>\n<meta property=\"og:locale\" content=\"en_US\" \/>\n<meta property=\"og:type\" content=\"article\" \/>\n<meta property=\"og:title\" content=\"O-Purist - pHenomenal Drinks\" \/>\n<meta property=\"og:description\" content=\"developed by ten Greek bartenders  slow distillation process in column stills, followed by three months of maturation  with wild pear, quince, orange, fennel and aniseed for a complex flavor profile  lemony grape notes, subtle pear, black bread and mild honey and chocolate nuances  Perfect for cocktails - soft, balanced and fresh tsipouro\" \/>\n<meta property=\"og:url\" content=\"https:\/\/phenomenaldrinks.com\/en\/produkt\/o-purist\/\" \/>\n<meta property=\"og:site_name\" content=\"pHenomenal Drinks\" \/>\n<meta property=\"article:publisher\" content=\"https:\/\/www.facebook.com\/PHenomenalTonic\" \/>\n<meta property=\"article:modified_time\" content=\"2025-04-25T09:35:06+00:00\" \/>\n<meta property=\"og:image\" content=\"https:\/\/phenomenaldrinks.com\/wp-content\/uploads\/2024\/07\/pHenomenal_shopSKU415.OPurist-1.jpg\" \/>\n\t<meta property=\"og:image:width\" content=\"1200\" \/>\n\t<meta property=\"og:image:height\" content=\"1200\" \/>\n\t<meta property=\"og:image:type\" content=\"image\/jpeg\" \/>\n<meta name=\"twitter:card\" content=\"summary_large_image\" \/>\n<meta name=\"twitter:label1\" content=\"Est. reading time\" \/>\n\t<meta name=\"twitter:data1\" content=\"2 minutes\" \/>\n<script type=\"application\/ld+json\" class=\"yoast-schema-graph\">{\"@context\":\"https:\\\/\\\/schema.org\",\"@graph\":[{\"@type\":\"WebPage\",\"@id\":\"https:\\\/\\\/phenomenaldrinks.com\\\/en\\\/produkt\\\/o-purist\\\/\",\"url\":\"https:\\\/\\\/phenomenaldrinks.com\\\/en\\\/produkt\\\/o-purist\\\/\",\"name\":\"O-Purist - pHenomenal Drinks\",\"isPartOf\":{\"@id\":\"https:\\\/\\\/phenomenaldrinks.com\\\/en\\\/#website\"},\"primaryImageOfPage\":{\"@id\":\"https:\\\/\\\/phenomenaldrinks.com\\\/en\\\/produkt\\\/o-purist\\\/#primaryimage\"},\"image\":{\"@id\":\"https:\\\/\\\/phenomenaldrinks.com\\\/en\\\/produkt\\\/o-purist\\\/#primaryimage\"},\"thumbnailUrl\":\"https:\\\/\\\/phenomenaldrinks.com\\\/wp-content\\\/uploads\\\/2024\\\/07\\\/pHenomenal_shopSKU415.OPurist-1.jpg\",\"datePublished\":\"2024-07-25T18:29:41+00:00\",\"dateModified\":\"2025-04-25T09:35:06+00:00\",\"breadcrumb\":{\"@id\":\"https:\\\/\\\/phenomenaldrinks.com\\\/en\\\/produkt\\\/o-purist\\\/#breadcrumb\"},\"inLanguage\":\"en-US\",\"potentialAction\":[{\"@type\":\"ReadAction\",\"target\":[\"https:\\\/\\\/phenomenaldrinks.com\\\/en\\\/produkt\\\/o-purist\\\/\"]}]},{\"@type\":\"ImageObject\",\"inLanguage\":\"en-US\",\"@id\":\"https:\\\/\\\/phenomenaldrinks.com\\\/en\\\/produkt\\\/o-purist\\\/#primaryimage\",\"url\":\"https:\\\/\\\/phenomenaldrinks.com\\\/wp-content\\\/uploads\\\/2024\\\/07\\\/pHenomenal_shopSKU415.OPurist-1.jpg\",\"contentUrl\":\"https:\\\/\\\/phenomenaldrinks.com\\\/wp-content\\\/uploads\\\/2024\\\/07\\\/pHenomenal_shopSKU415.OPurist-1.jpg\",\"width\":1200,\"height\":1200},{\"@type\":\"BreadcrumbList\",\"@id\":\"https:\\\/\\\/phenomenaldrinks.com\\\/en\\\/produkt\\\/o-purist\\\/#breadcrumb\",\"itemListElement\":[{\"@type\":\"ListItem\",\"position\":1,\"name\":\"Home\",\"item\":\"https:\\\/\\\/phenomenaldrinks.com\\\/en\\\/\"},{\"@type\":\"ListItem\",\"position\":2,\"name\":\"Store\",\"item\":\"https:\\\/\\\/phenomenaldrinks.com\\\/en\\\/shop-2\\\/\"},{\"@type\":\"ListItem\",\"position\":3,\"name\":\"O-Purist\"}]},{\"@type\":\"WebSite\",\"@id\":\"https:\\\/\\\/phenomenaldrinks.com\\\/en\\\/#website\",\"url\":\"https:\\\/\\\/phenomenaldrinks.com\\\/en\\\/\",\"name\":\"pHenomenal Drinks\",\"description\":\"Handcrafted in Hamburg with love\",\"publisher\":{\"@id\":\"https:\\\/\\\/phenomenaldrinks.com\\\/en\\\/#organization\"},\"potentialAction\":[{\"@type\":\"SearchAction\",\"target\":{\"@type\":\"EntryPoint\",\"urlTemplate\":\"https:\\\/\\\/phenomenaldrinks.com\\\/en\\\/?s={search_term_string}\"},\"query-input\":{\"@type\":\"PropertyValueSpecification\",\"valueRequired\":true,\"valueName\":\"search_term_string\"}}],\"inLanguage\":\"en-US\"},{\"@type\":\"Organization\",\"@id\":\"https:\\\/\\\/phenomenaldrinks.com\\\/en\\\/#organization\",\"name\":\"pHenomenal Drinks\",\"url\":\"https:\\\/\\\/phenomenaldrinks.com\\\/en\\\/\",\"logo\":{\"@type\":\"ImageObject\",\"inLanguage\":\"en-US\",\"@id\":\"https:\\\/\\\/phenomenaldrinks.com\\\/en\\\/#\\\/schema\\\/logo\\\/image\\\/\",\"url\":\"https:\\\/\\\/phenomenaldrinks.com\\\/wp-content\\\/uploads\\\/2016\\\/12\\\/pH-Logo_DRINKS-small-noframe-2016-12.jpg\",\"contentUrl\":\"https:\\\/\\\/phenomenaldrinks.com\\\/wp-content\\\/uploads\\\/2016\\\/12\\\/pH-Logo_DRINKS-small-noframe-2016-12.jpg\",\"width\":749,\"height\":751,\"caption\":\"pHenomenal Drinks\"},\"image\":{\"@id\":\"https:\\\/\\\/phenomenaldrinks.com\\\/en\\\/#\\\/schema\\\/logo\\\/image\\\/\"},\"sameAs\":[\"https:\\\/\\\/www.facebook.com\\\/PHenomenalTonic\",\"https:\\\/\\\/www.instagram.com\\\/phenomenaldrinks\\\/\"]}]}<\/script>\n<!-- \/ Yoast SEO plugin. -->","yoast_head_json":{"title":"O-Purist - pHenomenal Drinks","robots":{"index":"index","follow":"follow","max-snippet":"max-snippet:-1","max-image-preview":"max-image-preview:large","max-video-preview":"max-video-preview:-1"},"canonical":"https:\/\/phenomenaldrinks.com\/en\/produkt\/o-purist\/","og_locale":"en_US","og_type":"article","og_title":"O-Purist - pHenomenal Drinks","og_description":"developed by ten Greek bartenders  slow distillation process in column stills, followed by three months of maturation  with wild pear, quince, orange, fennel and aniseed for a complex flavor profile  lemony grape notes, subtle pear, black bread and mild honey and chocolate nuances  Perfect for cocktails - soft, balanced and fresh tsipouro","og_url":"https:\/\/phenomenaldrinks.com\/en\/produkt\/o-purist\/","og_site_name":"pHenomenal Drinks","article_publisher":"https:\/\/www.facebook.com\/PHenomenalTonic","article_modified_time":"2025-04-25T09:35:06+00:00","og_image":[{"width":1200,"height":1200,"url":"https:\/\/phenomenaldrinks.com\/wp-content\/uploads\/2024\/07\/pHenomenal_shopSKU415.OPurist-1.jpg","type":"image\/jpeg"}],"twitter_card":"summary_large_image","twitter_misc":{"Est. reading time":"2 minutes"},"schema":{"@context":"https:\/\/schema.org","@graph":[{"@type":"WebPage","@id":"https:\/\/phenomenaldrinks.com\/en\/produkt\/o-purist\/","url":"https:\/\/phenomenaldrinks.com\/en\/produkt\/o-purist\/","name":"O-Purist - pHenomenal Drinks","isPartOf":{"@id":"https:\/\/phenomenaldrinks.com\/en\/#website"},"primaryImageOfPage":{"@id":"https:\/\/phenomenaldrinks.com\/en\/produkt\/o-purist\/#primaryimage"},"image":{"@id":"https:\/\/phenomenaldrinks.com\/en\/produkt\/o-purist\/#primaryimage"},"thumbnailUrl":"https:\/\/phenomenaldrinks.com\/wp-content\/uploads\/2024\/07\/pHenomenal_shopSKU415.OPurist-1.jpg","datePublished":"2024-07-25T18:29:41+00:00","dateModified":"2025-04-25T09:35:06+00:00","breadcrumb":{"@id":"https:\/\/phenomenaldrinks.com\/en\/produkt\/o-purist\/#breadcrumb"},"inLanguage":"en-US","potentialAction":[{"@type":"ReadAction","target":["https:\/\/phenomenaldrinks.com\/en\/produkt\/o-purist\/"]}]},{"@type":"ImageObject","inLanguage":"en-US","@id":"https:\/\/phenomenaldrinks.com\/en\/produkt\/o-purist\/#primaryimage","url":"https:\/\/phenomenaldrinks.com\/wp-content\/uploads\/2024\/07\/pHenomenal_shopSKU415.OPurist-1.jpg","contentUrl":"https:\/\/phenomenaldrinks.com\/wp-content\/uploads\/2024\/07\/pHenomenal_shopSKU415.OPurist-1.jpg","width":1200,"height":1200},{"@type":"BreadcrumbList","@id":"https:\/\/phenomenaldrinks.com\/en\/produkt\/o-purist\/#breadcrumb","itemListElement":[{"@type":"ListItem","position":1,"name":"Home","item":"https:\/\/phenomenaldrinks.com\/en\/"},{"@type":"ListItem","position":2,"name":"Store","item":"https:\/\/phenomenaldrinks.com\/en\/shop-2\/"},{"@type":"ListItem","position":3,"name":"O-Purist"}]},{"@type":"WebSite","@id":"https:\/\/phenomenaldrinks.com\/en\/#website","url":"https:\/\/phenomenaldrinks.com\/en\/","name":"pHenomenal Drinks","description":"Handcrafted in Hamburg with love","publisher":{"@id":"https:\/\/phenomenaldrinks.com\/en\/#organization"},"potentialAction":[{"@type":"SearchAction","target":{"@type":"EntryPoint","urlTemplate":"https:\/\/phenomenaldrinks.com\/en\/?s={search_term_string}"},"query-input":{"@type":"PropertyValueSpecification","valueRequired":true,"valueName":"search_term_string"}}],"inLanguage":"en-US"},{"@type":"Organization","@id":"https:\/\/phenomenaldrinks.com\/en\/#organization","name":"pHenomenal Drinks","url":"https:\/\/phenomenaldrinks.com\/en\/","logo":{"@type":"ImageObject","inLanguage":"en-US","@id":"https:\/\/phenomenaldrinks.com\/en\/#\/schema\/logo\/image\/","url":"https:\/\/phenomenaldrinks.com\/wp-content\/uploads\/2016\/12\/pH-Logo_DRINKS-small-noframe-2016-12.jpg","contentUrl":"https:\/\/phenomenaldrinks.com\/wp-content\/uploads\/2016\/12\/pH-Logo_DRINKS-small-noframe-2016-12.jpg","width":749,"height":751,"caption":"pHenomenal Drinks"},"image":{"@id":"https:\/\/phenomenaldrinks.com\/en\/#\/schema\/logo\/image\/"},"sameAs":["https:\/\/www.facebook.com\/PHenomenalTonic","https:\/\/www.instagram.com\/phenomenaldrinks\/"]}]}},"_links":{"self":[{"href":"https:\/\/phenomenaldrinks.com\/en\/wp-json\/wp\/v2\/product\/7974","targetHints":{"allow":["GET"]}}],"collection":[{"href":"https:\/\/phenomenaldrinks.com\/en\/wp-json\/wp\/v2\/product"}],"about":[{"href":"https:\/\/phenomenaldrinks.com\/en\/wp-json\/wp\/v2\/types\/product"}],"replies":[{"embeddable":true,"href":"https:\/\/phenomenaldrinks.com\/en\/wp-json\/wp\/v2\/comments?post=7974"}],"wp:featuredmedia":[{"embeddable":true,"href":"https:\/\/phenomenaldrinks.com\/en\/wp-json\/wp\/v2\/media\/3827"}],"wp:attachment":[{"href":"https:\/\/phenomenaldrinks.com\/en\/wp-json\/wp\/v2\/media?parent=7974"}],"wp:term":[{"taxonomy":"product_brand","embeddable":true,"href":"https:\/\/phenomenaldrinks.com\/en\/wp-json\/wp\/v2\/product_brand?post=7974"},{"taxonomy":"product_cat","embeddable":true,"href":"https:\/\/phenomenaldrinks.com\/en\/wp-json\/wp\/v2\/product_cat?post=7974"},{"taxonomy":"product_tag","embeddable":true,"href":"https:\/\/phenomenaldrinks.com\/en\/wp-json\/wp\/v2\/product_tag?post=7974"}],"curies":[{"name":"wp","href":"https:\/\/api.w.org\/{rel}","templated":true}]}}