{"id":225,"date":"2016-12-02T20:17:40","date_gmt":"2016-12-02T19:17:40","guid":{"rendered":"https:\/\/phenomenaldrinks.com\/?page_id=225\/"},"modified":"2025-04-11T16:05:25","modified_gmt":"2025-04-11T14:05:25","slug":"ordering-process","status":"publish","type":"page","link":"https:\/\/phenomenaldrinks.com\/en\/ordering-process\/","title":{"rendered":"Order process"},"content":{"rendered":"\t\t<div data-elementor-type=\"wp-page\" data-elementor-id=\"225\" class=\"elementor elementor-225 elementor-30\" data-elementor-post-type=\"page\">\n\t\t\t\t<div class=\"elementor-element elementor-element-16e70534 e-flex e-con-boxed e-con e-parent\" data-id=\"16e70534\" data-element_type=\"container\" data-e-type=\"container\">\n\t\t\t\t\t<div class=\"e-con-inner\">\n\t\t\t\t<div class=\"elementor-element elementor-element-b13b031 elementor-widget elementor-widget-template\" data-id=\"b13b031\" data-element_type=\"widget\" data-e-type=\"widget\" data-widget_type=\"template.default\">\n\t\t\t\t<div class=\"elementor-widget-container\">\n\t\t\t\t\t\t\t<div class=\"elementor-template\">\n\t\t\t\t\t<div data-elementor-type=\"container\" data-elementor-id=\"8011\" class=\"elementor elementor-8011 elementor-3336 elementor-3336\" data-elementor-post-type=\"elementor_library\">\n\t\t\t\t<div class=\"elementor-element elementor-element-69ca210d e-flex e-con-boxed e-con e-parent\" data-id=\"69ca210d\" data-element_type=\"container\" data-e-type=\"container\">\n\t\t\t\t\t<div class=\"e-con-inner\">\n\t\t\t\t<div class=\"elementor-element elementor-element-37f7138a elementor-widget elementor-widget-global elementor-global-8016 elementor-global-3323 elementor-global-3323 elementor-widget-woocommerce-breadcrumb\" data-id=\"37f7138a\" data-element_type=\"widget\" data-e-type=\"widget\" data-widget_type=\"woocommerce-breadcrumb.default\">\n\t\t\t\t<div class=\"elementor-widget-container\">\n\t\t\t\t\t<nav class=\"woocommerce-breadcrumb\" aria-label=\"Breadcrumb\">Home<\/nav>\t\t\t\t<\/div>\n\t\t\t\t<\/div>\n\t\t\t\t\t<\/div>\n\t\t\t\t<\/div>\n\t\t\t\t<\/div>\n\t\t\t\t<\/div>\n\t\t\t\t\t\t<\/div>\n\t\t\t\t<\/div>\n\t\t\t\t<div class=\"elementor-element elementor-element-2112327a elementor-widget elementor-widget-text-editor\" data-id=\"2112327a\" data-element_type=\"widget\" data-e-type=\"widget\" data-widget_type=\"text-editor.default\">\n\t\t\t\t<div class=\"elementor-widget-container\">\n\t\t\t\t\t\t\t\t\t<p><strong>1. Warenkorb<br \/><\/strong>W\u00e4hlen Sie die Produkte aus, die Sie bestellen m\u00f6chten, indem Sie den \u201cIn den Warenkorb\u201d Button anklicken. Dadurch wird Ihre Auswahl in den Warenkorb gelegt. Sie k\u00f6nnen diese Auswahl bis zum Absenden Ihrer Bestellung jederzeit \u00e4ndern, in dem Sie die Anzahl der Produkte \u00e4ndern, durch Anklicken des K\u00e4stchens \u201cEntfernen\u201d die Auswahl l\u00f6schen oder den Bestellvorgang abbrechen. Durch Anklicken des Buttons \u201cKasse\u201d gelangen Sie zum n\u00e4chsten Bestellschritt.<\/p><p><strong>2. Kasse<br \/><\/strong>Melden Sie sich bitte mit Ihrer eMail Adresse und Ihrem Passwort an falls Sie bereits ein Kundenkonto besitzen, ansonsten registrieren Sie sich bitte als neuer Kunde. Ihre Daten werden unter Beachtung der datenschutzrechtlichen Bestimmungen erhoben, verarbeitet und genutzt (Datenschutzhinweis). Eine anderweitige Verwendung oder Weitergabe an Dritte erfolgt nicht. Sind Sie bereits angemeldet, k\u00f6nnen Sie nun die Versandart ausw\u00e4hlen. Durch klicken des Buttons \u201cWeiter\u201d gelangen Sie zum n\u00e4chsten Bestellschritt.<\/p><p><strong>3. Rechnungsadresse pr\u00fcfen \/ Zahlungsweise ausw\u00e4hlen<br \/><\/strong>\u00fcberpr\u00fcfen Sie nun Ihre Rechnungsadresse und geben Sie Ihre gew\u00fcnschte Zahlungsweise an. Wenn gew\u00fcnscht, geben Sie eine von der Rechnungsadresse abweichende Lieferanschrift an. W\u00e4hlen Sie Ihre bevorzugte Versandart aus. Durch Klicken des Buttons \u201cWeiter\u201d gelangen Sie zum n\u00e4chsten Bestellschritt.<\/p><p><strong>4. Bestellvorgang abschlie\u00dfen \/ AGB und Datenschutz<br \/><\/strong>Sie erhalten eine \u00fcbersicht Ihrer Bestellung: die ausgew\u00e4hlten Produkte, die Versand- und Rechnungsadresse und Ihre Kontaktdaten. \u00fcberpr\u00fcfen Sie, ob alle Angaben stimmen und lesen sich bitte die Allgemeinen Gesch\u00e4ftsbedingungen und die Widerrufsbelehrung aufmerksam durch. Sie k\u00f6nnen mit der Bestellung nur fortfahren, wenn Sie den AGB und der Widerrufsbelehrung zustimmen (H\u00e4kchen setzen). Mit dem Anklicken des Buttons \u201cKaufen\u201d \u00fcbersenden Sie Ihre Bestellung an uns. Hiermit geben Sie ein rechtsverbindliches Angebot ab.<\/p>\t\t\t\t\t\t\t\t<\/div>\n\t\t\t\t<\/div>\n\t\t\t\t\t<\/div>\n\t\t\t\t<\/div>\n\t\t\t\t<\/div>\n\t\t","protected":false},"excerpt":{"rendered":"<p>1. shopping cartSelect the products you would like to order by clicking on the &#8220;Add to cart&#8221; button. This will add your selection to the shopping cart. You can change this selection at any time until you send your order by changing the number of products, deleting the selection by clicking on the &#8220;Remove&#8221; box [&hellip;]<\/p>\n","protected":false},"author":8,"featured_media":0,"parent":0,"menu_order":0,"comment_status":"closed","ping_status":"closed","template":"","meta":{"footnotes":""},"class_list":["post-225","page","type-page","status-publish","hentry"],"yoast_head":"<!-- This site is optimized with the Yoast SEO plugin v27.4 - https:\/\/yoast.com\/product\/yoast-seo-wordpress\/ -->\n<title>Order process - pHenomenal Drinks<\/title>\n<meta name=\"robots\" content=\"index, follow, max-snippet:-1, max-image-preview:large, max-video-preview:-1\" \/>\n<link rel=\"canonical\" href=\"https:\/\/phenomenaldrinks.com\/en\/ordering-process\/\" \/>\n<meta property=\"og:locale\" content=\"en_US\" \/>\n<meta property=\"og:type\" content=\"article\" \/>\n<meta property=\"og:title\" content=\"Order process - pHenomenal Drinks\" \/>\n<meta property=\"og:description\" content=\"1. shopping cartSelect the products you would like to order by clicking on the &#8220;Add to cart&#8221; button. This will add your selection to the shopping cart. You can change this selection at any time until you send your order by changing the number of products, deleting the selection by clicking on the &#8220;Remove&#8221; box [&hellip;]\" \/>\n<meta property=\"og:url\" content=\"https:\/\/phenomenaldrinks.com\/en\/ordering-process\/\" \/>\n<meta property=\"og:site_name\" content=\"pHenomenal Drinks\" \/>\n<meta property=\"article:publisher\" content=\"https:\/\/www.facebook.com\/PHenomenalTonic\" \/>\n<meta property=\"article:modified_time\" content=\"2025-04-11T14:05:25+00:00\" \/>\n<meta name=\"twitter:card\" content=\"summary_large_image\" \/>\n<meta name=\"twitter:label1\" content=\"Est. reading time\" \/>\n\t<meta name=\"twitter:data1\" content=\"1 minute\" \/>\n<script type=\"application\/ld+json\" class=\"yoast-schema-graph\">{\"@context\":\"https:\\\/\\\/schema.org\",\"@graph\":[{\"@type\":\"WebPage\",\"@id\":\"https:\\\/\\\/phenomenaldrinks.com\\\/en\\\/ordering-process\\\/\",\"url\":\"https:\\\/\\\/phenomenaldrinks.com\\\/en\\\/ordering-process\\\/\",\"name\":\"Order process - pHenomenal Drinks\",\"isPartOf\":{\"@id\":\"https:\\\/\\\/phenomenaldrinks.com\\\/en\\\/#website\"},\"datePublished\":\"2016-12-02T19:17:40+00:00\",\"dateModified\":\"2025-04-11T14:05:25+00:00\",\"breadcrumb\":{\"@id\":\"https:\\\/\\\/phenomenaldrinks.com\\\/en\\\/ordering-process\\\/#breadcrumb\"},\"inLanguage\":\"en-US\",\"potentialAction\":[{\"@type\":\"ReadAction\",\"target\":[\"https:\\\/\\\/phenomenaldrinks.com\\\/en\\\/ordering-process\\\/\"]}]},{\"@type\":\"BreadcrumbList\",\"@id\":\"https:\\\/\\\/phenomenaldrinks.com\\\/en\\\/ordering-process\\\/#breadcrumb\",\"itemListElement\":[{\"@type\":\"ListItem\",\"position\":1,\"name\":\"Home\",\"item\":\"https:\\\/\\\/phenomenaldrinks.com\\\/en\\\/\"},{\"@type\":\"ListItem\",\"position\":2,\"name\":\"Order process\"}]},{\"@type\":\"WebSite\",\"@id\":\"https:\\\/\\\/phenomenaldrinks.com\\\/en\\\/#website\",\"url\":\"https:\\\/\\\/phenomenaldrinks.com\\\/en\\\/\",\"name\":\"pHenomenal Drinks\",\"description\":\"Handcrafted in Hamburg with love\",\"publisher\":{\"@id\":\"https:\\\/\\\/phenomenaldrinks.com\\\/en\\\/#organization\"},\"potentialAction\":[{\"@type\":\"SearchAction\",\"target\":{\"@type\":\"EntryPoint\",\"urlTemplate\":\"https:\\\/\\\/phenomenaldrinks.com\\\/en\\\/?s={search_term_string}\"},\"query-input\":{\"@type\":\"PropertyValueSpecification\",\"valueRequired\":true,\"valueName\":\"search_term_string\"}}],\"inLanguage\":\"en-US\"},{\"@type\":\"Organization\",\"@id\":\"https:\\\/\\\/phenomenaldrinks.com\\\/en\\\/#organization\",\"name\":\"pHenomenal Drinks\",\"url\":\"https:\\\/\\\/phenomenaldrinks.com\\\/en\\\/\",\"logo\":{\"@type\":\"ImageObject\",\"inLanguage\":\"en-US\",\"@id\":\"https:\\\/\\\/phenomenaldrinks.com\\\/en\\\/#\\\/schema\\\/logo\\\/image\\\/\",\"url\":\"https:\\\/\\\/phenomenaldrinks.com\\\/wp-content\\\/uploads\\\/2016\\\/12\\\/pH-Logo_DRINKS-small-noframe-2016-12.jpg\",\"contentUrl\":\"https:\\\/\\\/phenomenaldrinks.com\\\/wp-content\\\/uploads\\\/2016\\\/12\\\/pH-Logo_DRINKS-small-noframe-2016-12.jpg\",\"width\":749,\"height\":751,\"caption\":\"pHenomenal Drinks\"},\"image\":{\"@id\":\"https:\\\/\\\/phenomenaldrinks.com\\\/en\\\/#\\\/schema\\\/logo\\\/image\\\/\"},\"sameAs\":[\"https:\\\/\\\/www.facebook.com\\\/PHenomenalTonic\",\"https:\\\/\\\/www.instagram.com\\\/phenomenaldrinks\\\/\"]}]}<\/script>\n<!-- \/ Yoast SEO plugin. -->","yoast_head_json":{"title":"Order process - pHenomenal Drinks","robots":{"index":"index","follow":"follow","max-snippet":"max-snippet:-1","max-image-preview":"max-image-preview:large","max-video-preview":"max-video-preview:-1"},"canonical":"https:\/\/phenomenaldrinks.com\/en\/ordering-process\/","og_locale":"en_US","og_type":"article","og_title":"Order process - pHenomenal Drinks","og_description":"1. shopping cartSelect the products you would like to order by clicking on the &#8220;Add to cart&#8221; button. This will add your selection to the shopping cart. You can change this selection at any time until you send your order by changing the number of products, deleting the selection by clicking on the &#8220;Remove&#8221; box [&hellip;]","og_url":"https:\/\/phenomenaldrinks.com\/en\/ordering-process\/","og_site_name":"pHenomenal Drinks","article_publisher":"https:\/\/www.facebook.com\/PHenomenalTonic","article_modified_time":"2025-04-11T14:05:25+00:00","twitter_card":"summary_large_image","twitter_misc":{"Est. reading time":"1 minute"},"schema":{"@context":"https:\/\/schema.org","@graph":[{"@type":"WebPage","@id":"https:\/\/phenomenaldrinks.com\/en\/ordering-process\/","url":"https:\/\/phenomenaldrinks.com\/en\/ordering-process\/","name":"Order process - pHenomenal Drinks","isPartOf":{"@id":"https:\/\/phenomenaldrinks.com\/en\/#website"},"datePublished":"2016-12-02T19:17:40+00:00","dateModified":"2025-04-11T14:05:25+00:00","breadcrumb":{"@id":"https:\/\/phenomenaldrinks.com\/en\/ordering-process\/#breadcrumb"},"inLanguage":"en-US","potentialAction":[{"@type":"ReadAction","target":["https:\/\/phenomenaldrinks.com\/en\/ordering-process\/"]}]},{"@type":"BreadcrumbList","@id":"https:\/\/phenomenaldrinks.com\/en\/ordering-process\/#breadcrumb","itemListElement":[{"@type":"ListItem","position":1,"name":"Home","item":"https:\/\/phenomenaldrinks.com\/en\/"},{"@type":"ListItem","position":2,"name":"Order process"}]},{"@type":"WebSite","@id":"https:\/\/phenomenaldrinks.com\/en\/#website","url":"https:\/\/phenomenaldrinks.com\/en\/","name":"pHenomenal Drinks","description":"Handcrafted in Hamburg with love","publisher":{"@id":"https:\/\/phenomenaldrinks.com\/en\/#organization"},"potentialAction":[{"@type":"SearchAction","target":{"@type":"EntryPoint","urlTemplate":"https:\/\/phenomenaldrinks.com\/en\/?s={search_term_string}"},"query-input":{"@type":"PropertyValueSpecification","valueRequired":true,"valueName":"search_term_string"}}],"inLanguage":"en-US"},{"@type":"Organization","@id":"https:\/\/phenomenaldrinks.com\/en\/#organization","name":"pHenomenal Drinks","url":"https:\/\/phenomenaldrinks.com\/en\/","logo":{"@type":"ImageObject","inLanguage":"en-US","@id":"https:\/\/phenomenaldrinks.com\/en\/#\/schema\/logo\/image\/","url":"https:\/\/phenomenaldrinks.com\/wp-content\/uploads\/2016\/12\/pH-Logo_DRINKS-small-noframe-2016-12.jpg","contentUrl":"https:\/\/phenomenaldrinks.com\/wp-content\/uploads\/2016\/12\/pH-Logo_DRINKS-small-noframe-2016-12.jpg","width":749,"height":751,"caption":"pHenomenal Drinks"},"image":{"@id":"https:\/\/phenomenaldrinks.com\/en\/#\/schema\/logo\/image\/"},"sameAs":["https:\/\/www.facebook.com\/PHenomenalTonic","https:\/\/www.instagram.com\/phenomenaldrinks\/"]}]}},"_links":{"self":[{"href":"https:\/\/phenomenaldrinks.com\/en\/wp-json\/wp\/v2\/pages\/225","targetHints":{"allow":["GET"]}}],"collection":[{"href":"https:\/\/phenomenaldrinks.com\/en\/wp-json\/wp\/v2\/pages"}],"about":[{"href":"https:\/\/phenomenaldrinks.com\/en\/wp-json\/wp\/v2\/types\/page"}],"author":[{"embeddable":true,"href":"https:\/\/phenomenaldrinks.com\/en\/wp-json\/wp\/v2\/users\/8"}],"replies":[{"embeddable":true,"href":"https:\/\/phenomenaldrinks.com\/en\/wp-json\/wp\/v2\/comments?post=225"}],"version-history":[{"count":1,"href":"https:\/\/phenomenaldrinks.com\/en\/wp-json\/wp\/v2\/pages\/225\/revisions"}],"predecessor-version":[{"id":7933,"href":"https:\/\/phenomenaldrinks.com\/en\/wp-json\/wp\/v2\/pages\/225\/revisions\/7933"}],"wp:attachment":[{"href":"https:\/\/phenomenaldrinks.com\/en\/wp-json\/wp\/v2\/media?parent=225"}],"curies":[{"name":"wp","href":"https:\/\/api.w.org\/{rel}","templated":true}]}}